{"id":4118,"date":"2025-11-20T15:12:06","date_gmt":"2025-11-20T14:12:06","guid":{"rendered":"https:\/\/www.hotel-le-bayonne.com\/?page_id=4118"},"modified":"2025-11-27T11:22:31","modified_gmt":"2025-11-27T10:22:31","slug":"offres-affaires","status":"publish","type":"page","link":"https:\/\/www.hotel-le-bayonne.com\/en\/offres-speciales\/offres-affaires\/","title":{"rendered":"Business Offer"},"content":{"rendered":"\t\t<div data-elementor-type=\"wp-page\" data-elementor-id=\"4118\" class=\"elementor elementor-4118\" data-elementor-post-type=\"page\">\n\t\t\t\t<div class=\"elementor-element elementor-element-6ece3a0 e-con-full e-flex e-con e-parent\" data-id=\"6ece3a0\" data-element_type=\"container\" data-e-type=\"container\" data-settings=\"{&quot;background_background&quot;:&quot;classic&quot;}\">\n\t\t<div class=\"elementor-element elementor-element-1dc6b189 e-flex e-con-boxed e-con e-child\" data-id=\"1dc6b189\" data-element_type=\"container\" data-e-type=\"container\">\n\t\t\t\t\t<div class=\"e-con-inner\">\n\t\t\t\t<div class=\"elementor-element elementor-element-3446e43d elementor-widget elementor-widget-heading\" data-id=\"3446e43d\" data-element_type=\"widget\" data-e-type=\"widget\" data-widget_type=\"heading.default\">\n\t\t\t\t<div class=\"elementor-widget-container\">\n\t\t\t\t\t<div class=\"elementor-heading-title elementor-size-default\">Offre Affaires<\/div>\t\t\t\t<\/div>\n\t\t\t\t<\/div>\n\t\t\t\t<div class=\"elementor-element elementor-element-3ab86dd3 elementor-view-default elementor-widget elementor-widget-icon\" data-id=\"3ab86dd3\" data-element_type=\"widget\" data-e-type=\"widget\" data-widget_type=\"icon.default\">\n\t\t\t\t<div class=\"elementor-widget-container\">\n\t\t\t\t\t\t\t<div class=\"elementor-icon-wrapper\">\n\t\t\t<div class=\"elementor-icon\">\n\t\t\t<svg xmlns=\"http:\/\/www.w3.org\/2000\/svg\" width=\"4721\" height=\"1024\" viewBox=\"0 0 4721 1024\"><title><\/title><g id=\"icomoon-ignore\"><\/g><path d=\"M4719.542 686.137c-14.578-16.391-29.63-30.797-45.731-43.933l-0.218-0.176c-122.573-60.482-570.066-175.569-966.051-221.99-367.583-47.829-787.155-60.53-1213.579-30.621-77.228 5.417-154.039 12.186-230.41 20.283l11.070-1.091c-681.528 68.27-1275.654 115.060-1579.65 85.212-377.404-36.852-611.317-125.343-675.959-162.385l-7.504 2.445c141.201 115.371 309.437 199.358 492.55 241.439l8.695 1.64c377.96 99.496 793.208 119.621 1398.815 54.117 647.481-70.36 1808.145-238.118 2823.135 70.626z\"><\/path><\/svg>\t\t\t<\/div>\n\t\t<\/div>\n\t\t\t\t\t\t<\/div>\n\t\t\t\t<\/div>\n\t\t\t\t\t<\/div>\n\t\t\t\t<\/div>\n\t\t\t\t<\/div>\n\t\t<div class=\"elementor-element elementor-element-7d21b7d6 e-flex e-con-boxed e-con e-parent\" data-id=\"7d21b7d6\" data-element_type=\"container\" data-e-type=\"container\">\n\t\t\t\t\t<div class=\"e-con-inner\">\n\t\t\t\t<div class=\"elementor-element elementor-element-de67406 elementor-align-left picto-rotation elementor-widget elementor-widget-button\" data-id=\"de67406\" data-element_type=\"widget\" data-e-type=\"widget\" data-widget_type=\"button.default\">\n\t\t\t\t<div class=\"elementor-widget-container\">\n\t\t\t\t\t\t\t\t\t<div class=\"elementor-button-wrapper\">\n\t\t\t\t\t<a class=\"elementor-button elementor-button-link elementor-size-sm\" href=\"https:\/\/www.hotel-le-bayonne.com\/offres-speciales\/\">\n\t\t\t\t\t\t<span class=\"elementor-button-content-wrapper\">\n\t\t\t\t\t\t<span class=\"elementor-button-icon\">\n\t\t\t\t<svg xmlns=\"http:\/\/www.w3.org\/2000\/svg\" width=\"1110\" height=\"1024\" viewBox=\"0 0 1110 1024\"><title><\/title><g id=\"icomoon-ignore\"><\/g><path d=\"M1110.138 509.865c0.002-0.17 0.004-0.371 0.004-0.572 0-12.596-5.349-23.942-13.9-31.891l-0.027-0.025-465.961-464.104c-8.433-8.433-20.083-13.649-32.951-13.649-25.737 0-46.6 20.864-46.6 46.6 0 12.868 5.216 24.518 13.649 32.951v0l387.063 385.207h-950.764c0 74.257-1.485 32.116 0 95.698l950.764-2.877-386.135 387.063c-8.479 8.412-13.728 20.069-13.728 32.951s5.249 24.54 13.725 32.948l0.003 0.003c8.28 8.444 19.748 13.736 32.452 13.923h0.035c12.77-0.019 24.29-5.353 32.471-13.906l0.016-0.017 465.033-465.033c8.838-9.168 14.419-21.529 14.849-35.189l0.002-0.083z\"><\/path><\/svg>\t\t\t<\/span>\n\t\t\t\t\t\t\t\t\t<span class=\"elementor-button-text\">Retour aux offres<\/span>\n\t\t\t\t\t<\/span>\n\t\t\t\t\t<\/a>\n\t\t\t\t<\/div>\n\t\t\t\t\t\t\t\t<\/div>\n\t\t\t\t<\/div>\n\t\t<div class=\"elementor-element elementor-element-3adbc10 e-grid e-con-full e-con e-child\" data-id=\"3adbc10\" data-element_type=\"container\" data-e-type=\"container\">\n\t\t\t\t<div class=\"elementor-element elementor-element-2c6e338 elementor-widget elementor-widget-image\" data-id=\"2c6e338\" data-element_type=\"widget\" data-e-type=\"widget\" data-widget_type=\"image.default\">\n\t\t\t\t<div class=\"elementor-widget-container\">\n\t\t\t\t\t\t\t\t\t\t\t\t\t\t\t<img decoding=\"async\" src=\"https:\/\/www.hotel-le-bayonne.com\/wp-content\/uploads\/2025\/11\/bayonne-eliophot-arsandaux-106-scaled-1.jpg\" title=\"bayonne-eliophot-arsandaux-106-scaled\" alt=\"bayonne-eliophot-arsandaux-106-scaled\" loading=\"lazy\" \/>\t\t\t\t\t\t\t\t\t\t\t\t\t\t\t<\/div>\n\t\t\t\t<\/div>\n\t\t<div class=\"elementor-element elementor-element-479fbd6 e-con-full e-flex e-con e-child\" data-id=\"479fbd6\" data-element_type=\"container\" data-e-type=\"container\">\n\t\t\t\t<div class=\"elementor-element elementor-element-8f7769d elementor-widget elementor-widget-heading\" data-id=\"8f7769d\" data-element_type=\"widget\" data-e-type=\"widget\" data-widget_type=\"heading.default\">\n\t\t\t\t<div class=\"elementor-widget-container\">\n\t\t\t\t\t<h2 class=\"elementor-heading-title elementor-size-default\"><h2 style=\"color: #B48E73;margin-bottom: 16px;, sans-serif;font-weight: 400;line-height: 42px;font-size: 35px;text-transform: uppercase\">Offre Affaires<span><\/span><\/h2><\/h2>\t\t\t\t<\/div>\n\t\t\t\t<\/div>\n\t\t\t\t<div class=\"elementor-element elementor-element-268f9c3 elementor-widget elementor-widget-text-editor\" data-id=\"268f9c3\" data-element_type=\"widget\" data-e-type=\"widget\" data-widget_type=\"text-editor.default\">\n\t\t\t\t<div class=\"elementor-widget-container\">\n\t\t\t\t\t\t\t\t\t<div class=\"eliophot-offer-description__summary\"><p>Retrouvez nos offres pour vos d\u00e9placements professionnels.<\/p><\/div><p>Pour vos d\u00e9placements professionnels \u00e0 Bayonne :<\/p><div><b>Formule CLUB AFFAIRES<\/b> :<\/div><div>H\u00e9bergement avec petit d\u00e9jeuner<\/div><div><u style=\"font-size: 14.4px;\">BASIC Club<\/u><span style=\"font-size: 14.4px;\">\u00a0=\u00a0<\/span><span style=\"font-size: 0.9rem;\">76 \u20ac\u00a0<\/span><span style=\"font-size: 14.4px;\">par personne et par nuit<\/span><span style=\"font-size: 0.9rem;\">\u00a0<\/span><\/div><div><u style=\"font-size: 14.4px;\">CLASSIC Club<\/u><span style=\"font-size: 14.4px;\">\u00a0=\u00a0<\/span><span style=\"font-size: 0.9rem;\">85 \u20ac\u00a0<\/span><span style=\"font-size: 14.4px;\">par personne et par nuit<\/span><\/div><div><span style=\"font-size: 14.4px;\">\u00a0<\/span><\/div><div><b>Formule SOIR\u00c9E \u00c9TAPE<\/b> :<\/div><div>H\u00e9bergement avec petit d\u00e9jeuner<\/div><div>+ 1 repas au restaurant de l\u2019h\u00f4tel (hors boissons &#8211; choix menu du jour)<\/div><div><span style=\"font-size: 0.9rem;\"><u>BASIC \u00e9tape<\/u>\u00a0= 101 \u20ac\u00a0<\/span><span style=\"font-size: 14.4px;\">par personne et par nuit\u00a0<\/span><\/div><div><span style=\"font-size: 0.9rem;\"><u>CLASSIC \u00e9tape<\/u>\u00a0=110 \u20ac\u00a0<\/span><span style=\"font-size: 14.4px;\">par personne et par nuit<\/span><\/div><div><span style=\"font-size: 14.4px;\">\u00a0<\/span><\/div><div>*<span style=\"font-size: 9pt;\">Les avantages du <\/span><b style=\"font-size: 9pt;\">CONTRAT<br \/>CLUB AFFAIRES <\/b><span style=\"font-size: 9pt;\">sont r\u00e9serv\u00e9s exclusivement dans le cadre de <\/span><b style=\"font-size: 9pt;\">DEPLACEMENTS<br \/>PROFESSIONNELS<\/b><span style=\"font-size: 9pt;\">. Les conditions \u00ab AFFAIRES \u00bb sont <\/span><b style=\"font-size: 9pt;\">valables hors week-end,<br \/>jours f\u00e9ri\u00e9s et hors vacances scolaires <\/b><span style=\"font-size: 9pt;\">fran\u00e7aises entre le 2 janvier 2025 et le 20 d\u00e9cembre 2025. \u2013 Except\u00e9 pour l\u2019H\u00f4tel LE BAYONNE 4* (sous condition d\u2019acceptation par l\u2019h\u00f4tel, hors \u00e9v\u00e9nements sportifs et culturels, hors F\u00eates de Bayonne et Foire au jambon)<\/span><\/div><div>\u00a0<\/div><div><b>INFOS &amp; RESERVATIONS AU 05 59 52 75 85<\/b><\/div>\t\t\t\t\t\t\t\t<\/div>\n\t\t\t\t<\/div>\n\t\t\t\t<\/div>\n\t\t\t\t<\/div>\n\t\t<div class=\"elementor-element elementor-element-e58f659 e-flex e-con-boxed e-con e-child\" data-id=\"e58f659\" data-element_type=\"container\" data-e-type=\"container\">\n\t\t\t\t\t<div class=\"e-con-inner\">\n\t\t\t\t<div class=\"elementor-element elementor-element-81694a7 elementor-widget elementor-widget-heading\" data-id=\"81694a7\" data-element_type=\"widget\" data-e-type=\"widget\" data-widget_type=\"heading.default\">\n\t\t\t\t<div class=\"elementor-widget-container\">\n\t\t\t\t\t<h1 class=\"elementor-heading-title elementor-size-default\"><span style=\"font-size: 24px\">Demande de r\u00e9servation<\/span><\/h1>\t\t\t\t<\/div>\n\t\t\t\t<\/div>\n\t\t\t\t<div class=\"elementor-element elementor-element-730a45b0 elementor-widget elementor-widget-heading\" data-id=\"730a45b0\" data-element_type=\"widget\" data-e-type=\"widget\" data-widget_type=\"heading.default\">\n\t\t\t\t<div class=\"elementor-widget-container\">\n\t\t\t\t\t<h2 class=\"elementor-heading-title elementor-size-default\"><h2 style=\"color:#B48E73;, sans-serif;font-weight: 400;font-size: 43px;line-height:1;text-transform: none;font-style: normal\">Contactez-nous<span><\/span><\/h2><\/h2>\t\t\t\t<\/div>\n\t\t\t\t<\/div>\n\t\t\t\t<div class=\"elementor-element elementor-element-7aa8ffb5 elementor-view-default elementor-widget elementor-widget-icon\" data-id=\"7aa8ffb5\" data-element_type=\"widget\" data-e-type=\"widget\" data-widget_type=\"icon.default\">\n\t\t\t\t<div class=\"elementor-widget-container\">\n\t\t\t\t\t\t\t<div class=\"elementor-icon-wrapper\">\n\t\t\t<div class=\"elementor-icon\">\n\t\t\t<svg xmlns=\"http:\/\/www.w3.org\/2000\/svg\" width=\"4721\" height=\"1024\" viewBox=\"0 0 4721 1024\"><title><\/title><g id=\"icomoon-ignore\"><\/g><path d=\"M4719.542 686.137c-14.578-16.391-29.63-30.797-45.731-43.933l-0.218-0.176c-122.573-60.482-570.066-175.569-966.051-221.99-367.583-47.829-787.155-60.53-1213.579-30.621-77.228 5.417-154.039 12.186-230.41 20.283l11.070-1.091c-681.528 68.27-1275.654 115.060-1579.65 85.212-377.404-36.852-611.317-125.343-675.959-162.385l-7.504 2.445c141.201 115.371 309.437 199.358 492.55 241.439l8.695 1.64c377.96 99.496 793.208 119.621 1398.815 54.117 647.481-70.36 1808.145-238.118 2823.135 70.626z\"><\/path><\/svg>\t\t\t<\/div>\n\t\t<\/div>\n\t\t\t\t\t\t<\/div>\n\t\t\t\t<\/div>\n\t\t\t\t\t<\/div>\n\t\t\t\t<\/div>\n\t\t\t\t<div class=\"elementor-element elementor-element-e89111b elementor-widget elementor-widget-shortcode\" data-id=\"e89111b\" data-element_type=\"widget\" data-e-type=\"widget\" data-widget_type=\"shortcode.default\">\n\t\t\t\t<div class=\"elementor-widget-container\">\n\t\t\t\t\t\t\t<div class=\"elementor-shortcode\"><div class='fluentform ff-default fluentform_wrapper_3 ffs_default_wrap'><form data-form_id=\"3\" id=\"fluentform_3\" class=\"frm-fluent-form fluent_form_3 ff-el-form-top ff_form_instance_3_1 ff-form-loading ffs_default\" data-form_instance=\"ff_form_instance_3_1\" method=\"POST\" ><fieldset  style=\"border: none!important;margin: 0!important;padding: 0!important;background-color: transparent!important;box-shadow: none!important;outline: none!important; min-inline-size: 100%;\">\n                    <legend class=\"ff_screen_reader_title\" style=\"display: block; margin: 0!important;padding: 0!important;height: 0!important;text-indent: -999999px;width: 0!important;overflow:hidden;\">Demande de r\u00e9servation<\/legend><input type='hidden' name='__fluent_form_embded_post_id' value='4118' \/><input type=\"hidden\" id=\"_fluentform_3_fluentformnonce\" name=\"_fluentform_3_fluentformnonce\" value=\"0f950557cf\" \/><input type=\"hidden\" name=\"_wp_http_referer\" value=\"\/en\/wp-json\/wp\/v2\/pages\/4118\" \/><input type=\"hidden\" name=\"hidden\" value=\"Offres Affaires\" data-name=\"hidden\" ><div data-type=\"name-element\" data-name=\"names\" class=\" ff-field_container ff-name-field-wrapper\" ><div class='ff-t-container'><div class='ff-t-cell '><div class='ff-el-group ff-el-form-top'><div class=\"ff-el-input--label ff-el-is-required asterisk-right\"><label for='ff_3_names_first_name_' id='label_ff_3_names_first_name_' >Pr\u00e9nom<\/label><\/div><div class='ff-el-input--content'><input type=\"text\" name=\"names[first_name]\" id=\"ff_3_names_first_name_\" class=\"ff-el-form-control\" aria-invalid=\"false\" aria-required=true><\/div><\/div><\/div><div class='ff-t-cell '><div class='ff-el-group ff-el-form-top'><div class=\"ff-el-input--label ff-el-is-required asterisk-right\"><label for='ff_3_names_last_name_' id='label_ff_3_names_last_name_' >Nom<\/label><\/div><div class='ff-el-input--content'><input type=\"text\" name=\"names[last_name]\" id=\"ff_3_names_last_name_\" class=\"ff-el-form-control\" aria-invalid=\"false\" aria-required=true><\/div><\/div><\/div><\/div><\/div><div data-name=\"ff_cn_id_1\"  class='ff-t-container ff-column-container ff_columns_total_2 '><div class='ff-t-cell ff-t-column-1' style='flex-basis: 50%;'><div class='ff-el-group'><div class=\"ff-el-input--label ff-el-is-required asterisk-right\"><label for='ff_3_email' id='label_ff_3_email' aria-label=\"E-mail\">E-mail<\/label><\/div><div class='ff-el-input--content'><input type=\"email\" name=\"email\" id=\"ff_3_email\" class=\"ff-el-form-control\" data-name=\"email\"  aria-invalid=\"false\" aria-required=true><\/div><\/div><\/div><div class='ff-t-cell ff-t-column-2' style='flex-basis: 50%;'><div class='ff-el-group'><div class=\"ff-el-input--label asterisk-right\"><label for='ff_3_input_text' id='label_ff_3_input_text' aria-label=\"T\u00e9l\u00e9phone\">T\u00e9l\u00e9phone<\/label><\/div><div class='ff-el-input--content'><input type=\"text\" name=\"input_text\" class=\"ff-el-form-control\" data-name=\"input_text\" id=\"ff_3_input_text\"  aria-invalid=\"false\" aria-required=false><\/div><\/div><\/div><\/div><div data-name=\"ff_cn_id_2\"  class='ff-t-container ff-column-container ff_columns_total_2 '><div class='ff-t-cell ff-t-column-1' style='flex-basis: 50%;'><div class='ff-el-group'><div class=\"ff-el-input--label asterisk-right\"><label for='ff_3_input_text_1' id='label_ff_3_input_text_1' aria-label=\"Ville\">Ville<\/label><\/div><div class='ff-el-input--content'><input type=\"text\" name=\"input_text_1\" class=\"ff-el-form-control\" data-name=\"input_text_1\" id=\"ff_3_input_text_1\"  aria-invalid=\"false\" aria-required=false><\/div><\/div><\/div><div class='ff-t-cell ff-t-column-2' style='flex-basis: 50%;'><div class='ff-el-group'><div class=\"ff-el-input--label asterisk-right\"><label for='ff_3_input_text_2' id='label_ff_3_input_text_2' aria-label=\"Code postal\">Code postal<\/label><\/div><div class='ff-el-input--content'><input type=\"text\" name=\"input_text_2\" class=\"ff-el-form-control\" data-name=\"input_text_2\" id=\"ff_3_input_text_2\"  aria-invalid=\"false\" aria-required=false><\/div><\/div><\/div><\/div><div class='ff-el-group'><div class=\"ff-el-input--label ff-el-is-required asterisk-right\"><label for='ff_3_description' id='label_ff_3_description' aria-label=\"Message\">Message<\/label><\/div><div class='ff-el-input--content'><textarea aria-required=\"true\" aria-labelledby=\"label_ff_3_description\" name=\"description\" id=\"ff_3_description\" class=\"ff-el-form-control\" placeholder=\"Message\" rows=\"3\" cols=\"2\" data-name=\"description\" ><\/textarea><\/div><\/div><div class='ff-el-group'><div class='ff-el-input--content'><div class='ff-el-form-check ff-el-form-check-'><label class='ff-el-form-check-label' for='checkbox_7ffd3d40bd2828b1086aaab1a3b0e3e2'><input  type=\"checkbox\" name=\"checkbox[]\" data-name=\"checkbox\" class=\"ff-el-form-check-input ff-el-form-check-checkbox\" value=\"Oui, je souhaiterais recevoir les offres sp\u00e9ciales et newsletters par email**\"  id='checkbox_7ffd3d40bd2828b1086aaab1a3b0e3e2' aria-label='Oui, je souhaiterais recevoir les offres sp\u00e9ciales et newsletters par email**' aria-invalid='false' aria-required=false> <span>Oui, je souhaiterais recevoir les offres sp\u00e9ciales et newsletters par email**<\/span><\/label><\/div><\/div><\/div><div class='ff-el-group ff-text-center ff_submit_btn_wrapper ff_submit_btn_wrapper_custom'><button class=\"ff-btn ff-btn-submit ff-btn-md ff_btn_style\" type=\"submit\" name=\"custom_submit_button-3_1\" data-name=\"custom_submit_button-3_1\"  aria-label=\"Envoyer\">Envoyer<\/button><style>form.fluent_form_3 .ff-btn-submit { background-color: #1a7efb; color: #ffffff; }<\/style><\/div><div class='ff-el-group  ff-custom_html' tabindex='-1' data-name=\"custom_html-3_2\" ><p>* Champs obligatoires. Ces informations restent confidentielles et ne seront jamais diffus\u00e9es \u00e0 quelque organisme que ce soit.<br \/>** En soumettant ce formulaire, j\u2019accepte que les informations saisies dans ce formulaire soient utilis\u00e9es et trait\u00e9es pour permettre de me recontacter, dans le cadre de ma demande d\u2019informations, que ce soit par mail, ou t\u00e9l\u00e9phone. Pour conna\u00eetre et exercer vos droits, notamment de retrait de consentement \u00e0 l\u2019utilisation de donn\u00e9es collect\u00e9es par ce formulaire. Veuillez consulter notre politique de confidentialit\u00e9.\u00a0<a href=\"https:\/\/www.hotel-le-bayonne.com\/mentions-legales\/\" target=\"_blank\" rel=\"noopener\">Mentions l\u00e9gales.<\/a><\/p>\n<p>Ce site est prot\u00e9g\u00e9 par reCAPTCHA \u2013\u00a0<a href=\"https:\/\/policies.google.com\/privacy\" target=\"_blank\" rel=\"noopener nofollow\">la politique de confidentialit\u00e9<\/a>\u00a0et\u00a0<a href=\"https:\/\/policies.google.com\/terms\" target=\"_blank\" rel=\"noopener nofollow\">les conditions de service<\/a>\u00a0de Google s\u2019appliquent.<\/p>\n<p>Vous pouvez vous opposer au d\u00e9marchage t\u00e9l\u00e9phonique en vous inscrivant gratuitement sur la liste Bloctel : https:\/\/www.bloctel.gouv.fr. Nous respectons la liste Bloctel et nous nous engageons \u00e0 ne pas vous contacter si vous y \u00eates inscrit.<\/p><\/div><\/fieldset><\/form><div id='fluentform_3_errors' class='ff-errors-in-stack ff_form_instance_3_1 ff-form-loading_errors ff_form_instance_3_1_errors'><\/div><\/div>            <script type=\"text\/javascript\">\n                window.fluent_form_ff_form_instance_3_1 = {\"id\":\"3\",\"settings\":{\"layout\":{\"labelPlacement\":\"top\",\"asteriskPlacement\":\"asterisk-right\",\"helpMessagePlacement\":\"with_label\",\"errorMessagePlacement\":\"inline\",\"cssClassName\":\"\"},\"restrictions\":{\"denyEmptySubmission\":{\"enabled\":false}}},\"form_instance\":\"ff_form_instance_3_1\",\"form_id_selector\":\"fluentform_3\",\"rules\":{\"names[first_name]\":{\"required\":{\"value\":true,\"message\":\"This field is required\",\"global_message\":\"Ce champ est obligatoire\",\"global\":true}},\"names[middle_name]\":{\"required\":{\"value\":false,\"message\":\"This field is required\",\"global_message\":\"Ce champ est obligatoire\",\"global\":true}},\"names[last_name]\":{\"required\":{\"value\":true,\"message\":\"This field is required\",\"global_message\":\"Ce champ est obligatoire\",\"global\":true}},\"email\":{\"required\":{\"value\":true,\"message\":\"This field is required\",\"global_message\":\"Ce champ est obligatoire\",\"global\":true},\"email\":{\"value\":true,\"message\":\"This field must contain a valid email\",\"global_message\":\"Ce champ doit contenir un e-mail valide\",\"global\":true}},\"input_text\":{\"required\":{\"value\":false,\"message\":\"This field is required\",\"global_message\":\"Ce champ est obligatoire\",\"global\":true}},\"input_text_1\":{\"required\":{\"value\":false,\"message\":\"This field is required\",\"global_message\":\"Ce champ est obligatoire\",\"global\":true}},\"input_text_2\":{\"required\":{\"value\":false,\"message\":\"This field is required\",\"global_message\":\"Ce champ est obligatoire\",\"global\":true}},\"description\":{\"required\":{\"value\":true,\"message\":\"This field is required\",\"global_message\":\"Ce champ est obligatoire\",\"global\":true}},\"checkbox\":{\"required\":{\"value\":false,\"message\":\"This field is required\",\"global_message\":\"Ce champ est obligatoire\",\"global\":true}}},\"debounce_time\":300};\n                            <\/script>\n            <\/div>\n\t\t\t\t\t\t<\/div>\n\t\t\t\t<\/div>\n\t\t\t\t\t<\/div>\n\t\t\t\t<\/div>\n\t\t\t\t<\/div>\n\t\t","protected":false},"excerpt":{"rendered":"<p>Offre Affaires Retour aux offres Offre Affaires Retrouvez nos offres pour vos d\u00e9placements professionnels. Pour vos d\u00e9placements professionnels \u00e0 Bayonne : Formule CLUB AFFAIRES :H\u00e9bergement avec petit d\u00e9jeunerBASIC Club\u00a0=\u00a076 \u20ac\u00a0par personne et par nuit\u00a0CLASSIC Club\u00a0=\u00a085 \u20ac\u00a0par personne et par nuit\u00a0Formule SOIR\u00c9E \u00c9TAPE :H\u00e9bergement avec petit d\u00e9jeuner+ 1 repas au restaurant de l\u2019h\u00f4tel (hors boissons &#8211; [&hellip;]<\/p>\n","protected":false},"author":21,"featured_media":0,"parent":234,"menu_order":0,"comment_status":"closed","ping_status":"closed","template":"","meta":{"inline_featured_image":false,"footnotes":""},"class_list":["post-4118","page","type-page","status-publish","hentry"],"_links":{"self":[{"href":"https:\/\/www.hotel-le-bayonne.com\/en\/wp-json\/wp\/v2\/pages\/4118","targetHints":{"allow":["GET"]}}],"collection":[{"href":"https:\/\/www.hotel-le-bayonne.com\/en\/wp-json\/wp\/v2\/pages"}],"about":[{"href":"https:\/\/www.hotel-le-bayonne.com\/en\/wp-json\/wp\/v2\/types\/page"}],"author":[{"embeddable":true,"href":"https:\/\/www.hotel-le-bayonne.com\/en\/wp-json\/wp\/v2\/users\/21"}],"replies":[{"embeddable":true,"href":"https:\/\/www.hotel-le-bayonne.com\/en\/wp-json\/wp\/v2\/comments?post=4118"}],"version-history":[{"count":43,"href":"https:\/\/www.hotel-le-bayonne.com\/en\/wp-json\/wp\/v2\/pages\/4118\/revisions"}],"predecessor-version":[{"id":4301,"href":"https:\/\/www.hotel-le-bayonne.com\/en\/wp-json\/wp\/v2\/pages\/4118\/revisions\/4301"}],"up":[{"embeddable":true,"href":"https:\/\/www.hotel-le-bayonne.com\/en\/wp-json\/wp\/v2\/pages\/234"}],"wp:attachment":[{"href":"https:\/\/www.hotel-le-bayonne.com\/en\/wp-json\/wp\/v2\/media?parent=4118"}],"curies":[{"name":"wp","href":"https:\/\/api.w.org\/{rel}","templated":true}]}}