{"id":4006,"date":"2024-09-25T14:57:01","date_gmt":"2024-09-25T12:57:01","guid":{"rendered":"https:\/\/www.hotel-le-bayonne.com\/?page_id=4006"},"modified":"2024-09-25T14:59:04","modified_gmt":"2024-09-25T12:59:04","slug":"4-star-hotel-bayonne","status":"publish","type":"page","link":"https:\/\/www.hotel-le-bayonne.com\/en\/tourisme-activites-bayonne\/hotel-4-etoiles-bayonne\/","title":{"rendered":"4-star hotel Bayonne"},"content":{"rendered":"<div data-elementor-type=\"wp-page\" data-elementor-id=\"4006\" class=\"elementor elementor-4006\" data-elementor-post-type=\"page\">\n\t\t\t\t<div class=\"elementor-element elementor-element-79d130a e-con-full e-flex e-con e-parent\" data-id=\"79d130a\" data-element_type=\"container\" data-e-type=\"container\" data-settings=\"{&quot;background_background&quot;:&quot;classic&quot;}\">\n\t\t<div class=\"elementor-element elementor-element-9c2133d e-flex e-con-boxed e-con e-child\" data-id=\"9c2133d\" data-element_type=\"container\" data-e-type=\"container\">\n\t\t\t\t\t<div class=\"e-con-inner\">\n\t\t\t\t<div class=\"elementor-element elementor-element-84d27a8 elementor-widget elementor-widget-heading\" data-id=\"84d27a8\" data-element_type=\"widget\" data-e-type=\"widget\" data-widget_type=\"heading.default\">\n\t\t\t\t<div class=\"elementor-widget-container\">\n\t\t\t\t\t<h1 class=\"elementor-heading-title elementor-size-default\">A memorable stay in a 4-star hotel in Bayonne<\/h1>\t\t\t\t<\/div>\n\t\t\t\t<\/div>\n\t\t\t\t<div class=\"elementor-element elementor-element-f63eed9 elementor-view-default elementor-widget elementor-widget-icon\" data-id=\"f63eed9\" data-element_type=\"widget\" data-e-type=\"widget\" data-widget_type=\"icon.default\">\n\t\t\t\t<div class=\"elementor-widget-container\">\n\t\t\t\t\t\t\t<div class=\"elementor-icon-wrapper\">\n\t\t\t<div class=\"elementor-icon\">\n\t\t\t<svg xmlns=\"http:\/\/www.w3.org\/2000\/svg\" width=\"4721\" height=\"1024\" viewbox=\"0 0 4721 1024\"><title><\/title><g id=\"icomoon-ignore\"><\/g><path d=\"M4719.542 686.137c-14.578-16.391-29.63-30.797-45.731-43.933l-0.218-0.176c-122.573-60.482-570.066-175.569-966.051-221.99-367.583-47.829-787.155-60.53-1213.579-30.621-77.228 5.417-154.039 12.186-230.41 20.283l11.070-1.091c-681.528 68.27-1275.654 115.060-1579.65 85.212-377.404-36.852-611.317-125.343-675.959-162.385l-7.504 2.445c141.201 115.371 309.437 199.358 492.55 241.439l8.695 1.64c377.96 99.496 793.208 119.621 1398.815 54.117 647.481-70.36 1808.145-238.118 2823.135 70.626z\"><\/path><\/svg>\t\t\t<\/div>\n\t\t<\/div>\n\t\t\t\t\t\t<\/div>\n\t\t\t\t<\/div>\n\t\t\t\t\t<\/div>\n\t\t\t\t<\/div>\n\t\t\t\t<\/div>\n\t\t<div class=\"elementor-element elementor-element-538bc11 e-flex e-con-boxed e-con e-parent\" data-id=\"538bc11\" data-element_type=\"container\" data-e-type=\"container\">\n\t\t\t\t\t<div class=\"e-con-inner\">\n\t\t<div class=\"elementor-element elementor-element-b1cbfd2 e-con-full e-flex e-con e-child\" data-id=\"b1cbfd2\" data-element_type=\"container\" data-e-type=\"container\">\n\t\t\t\t<\/div>\n\t\t\t\t<div class=\"elementor-element elementor-element-0a8ecd3 elementor-widget elementor-widget-text-editor\" data-id=\"0a8ecd3\" data-element_type=\"widget\" data-e-type=\"widget\" data-widget_type=\"text-editor.default\">\n\t\t\t\t<div class=\"elementor-widget-container\">\n\t\t\t\t\t\t\t\t\t<p><strong>Are you keen to discover the Basque Country? Take advantage of a comfortable stay in a 4-star hotel in Bayonne to visit this region of unbridled charm and inimitable character. Whether it's a family weekend or a romantic getaway, there's never a better time to stop off in south-west France, where authenticity, gastronomy and conviviality go hand in hand.<\/strong><\/p>\t\t\t\t\t\t\t\t<\/div>\n\t\t\t\t<\/div>\n\t\t<div class=\"elementor-element elementor-element-0ba5cef e-con-full e-flex e-con e-child\" data-id=\"0ba5cef\" data-element_type=\"container\" data-e-type=\"container\">\n\t\t\t\t<\/div>\n\t\t\t\t\t<\/div>\n\t\t\t\t<\/div>\n\t\t<div class=\"elementor-element elementor-element-3b7f133 e-flex e-con-boxed e-con e-parent\" data-id=\"3b7f133\" data-element_type=\"container\" data-e-type=\"container\">\n\t\t\t\t\t<div class=\"e-con-inner\">\n\t\t<div class=\"elementor-element elementor-element-e84aa45 e-con-full e-flex e-con e-child\" data-id=\"e84aa45\" data-element_type=\"container\" data-e-type=\"container\">\n\t\t\t\t<div class=\"elementor-element elementor-element-55748b0 elementor-widget elementor-widget-heading\" data-id=\"55748b0\" data-element_type=\"widget\" data-e-type=\"widget\" data-widget_type=\"heading.default\">\n\t\t\t\t<div class=\"elementor-widget-container\">\n\t\t\t\t\t<h2 class=\"elementor-heading-title elementor-size-default\">Quiet, comfortable accommodation in the centre of Bayonne\n<\/h2>\t\t\t\t<\/div>\n\t\t\t\t<\/div>\n\t\t\t\t<div class=\"elementor-element elementor-element-23fd4b2 elementor-widget elementor-widget-text-editor\" data-id=\"23fd4b2\" data-element_type=\"widget\" data-e-type=\"widget\" data-widget_type=\"text-editor.default\">\n\t\t\t\t<div class=\"elementor-widget-container\">\n\t\t\t\t\t\t\t\t\t<p>The <a href=\"https:\/\/www.hotel-le-bayonne.com\/en\/rooms-hotel-bayonne-centre\/\">99 rooms at Le Bayonne hotel<\/a> The rooms on each floor are cocoons of serenity, luminous and completely renovated, ready to welcome their guests. Whether you're on a short break for a change of scenery, a family holiday or a spontaneous trip as a couple, you'll feel right at home here from the moment you arrive. Discover the warm spaces and elegant, sober decor that immediately create a feeling of well-being and calm. The 4-star Le Bayonne hotel's comprehensive, top-of-the-range facilities contribute to your comfort: cosy bedding, courtesy tray and flat-screen TV enhance each room.<\/p><p>The <a href=\"https:\/\/www.hotel-le-bayonne.com\/en\/rooms-hotel-bayonne-centre\/classic-le-bayonne-hotel\/\">standard accommodation<\/a> are ideal for business travellers, while families opt for a more intimate setting. <a href=\"https:\/\/www.hotel-le-bayonne.com\/en\/rooms-hotel-bayonne-centre\/comfort-hotel-basque-coast-bayonne\/\">larger version<\/a> with its sofa bed and separate lounge. Perhaps the greatest luxury of all is the peace and quiet offered by Le Bayonne, an invitation to leave everyday concerns behind. At the edge of the hotel, the Nive river runs as a peaceful witness to your moments of rest. Before starting a day of sightseeing or meetings, the smell of hot coffee and a continental breakfast awaits you. Breakfast is served in your room or in the brasserie.<\/p><p>For the <a href=\"https:\/\/www.hotel-le-bayonne.com\/en\/tourism-activities-bayonne\/seminar-bayonne\/\">professional stays<\/a>The 4-star Le Bayonne hotel offers the advantage of being close to the city centre. What's more, the nine meeting and function rooms can be adapted to suit all types of corporate event, thanks to their state-of-the-art facilities. The ideal place to bring your staff together for a seminar in Bayonne.<\/p>\t\t\t\t\t\t\t\t<\/div>\n\t\t\t\t<\/div>\n\t\t\t\t<\/div>\n\t\t<div class=\"elementor-element elementor-element-6815835 e-con-full e-flex e-con e-child\" data-id=\"6815835\" data-element_type=\"container\" data-e-type=\"container\">\n\t\t<div class=\"elementor-element elementor-element-b3e70bf e-flex e-con-boxed e-con e-child\" data-id=\"b3e70bf\" data-element_type=\"container\" data-e-type=\"container\">\n\t\t\t\t\t<div class=\"e-con-inner\">\n\t\t\t\t<div class=\"elementor-element elementor-element-3c50f3c elementor-widget__width-auto elementor-widget elementor-widget-image\" data-id=\"3c50f3c\" data-element_type=\"widget\" data-e-type=\"widget\" data-widget_type=\"image.default\">\n\t\t\t\t<div class=\"elementor-widget-container\">\n\t\t\t\t\t\t\t\t\t\t\t\t\t\t\t<img fetchpriority=\"high\" decoding=\"async\" width=\"800\" height=\"534\" src=\"https:\/\/www.hotel-le-bayonne.com\/wp-content\/uploads\/2024\/05\/DSC_8717\u252c\u00aeJPEG-STUDIOS-WEB-72-DPI-1024x683.jpg\" class=\"attachment-large size-large wp-image-3907\" alt=\"\" srcset=\"\" sizes=\"(max-width: 800px) 100vw, 800px\" title=\"\" data-srcset=\"\">\t\t\t\t\t\t\t\t\t\t\t\t\t\t\t<\/div>\n\t\t\t\t<\/div>\n\t\t\t\t<div class=\"elementor-element elementor-element-5ee22ba elementor-widget__width-auto elementor-widget elementor-widget-image\" data-id=\"5ee22ba\" data-element_type=\"widget\" data-e-type=\"widget\" data-widget_type=\"image.default\">\n\t\t\t\t<div class=\"elementor-widget-container\">\n\t\t\t\t\t\t\t\t\t\t\t\t\t\t\t<img decoding=\"async\" width=\"800\" height=\"534\" src=\"https:\/\/www.hotel-le-bayonne.com\/wp-content\/uploads\/2023\/10\/bayonne-eliophot-arsandaux-175-1024x683.jpg\" class=\"attachment-large size-large wp-image-3523\" alt=\"\" srcset=\"https:\/\/www.hotel-le-bayonne.com\/wp-content\/uploads\/2023\/10\/bayonne-eliophot-arsandaux-175-1024x683.jpg 1024w, https:\/\/www.hotel-le-bayonne.com\/wp-content\/uploads\/2023\/10\/bayonne-eliophot-arsandaux-175-300x200.jpg 300w, https:\/\/www.hotel-le-bayonne.com\/wp-content\/uploads\/2023\/10\/bayonne-eliophot-arsandaux-175-768x512.jpg 768w, https:\/\/www.hotel-le-bayonne.com\/wp-content\/uploads\/2023\/10\/bayonne-eliophot-arsandaux-175-1536x1024.jpg 1536w, https:\/\/www.hotel-le-bayonne.com\/wp-content\/uploads\/2023\/10\/bayonne-eliophot-arsandaux-175-2048x1365.jpg 2048w, https:\/\/www.hotel-le-bayonne.com\/wp-content\/uploads\/2023\/10\/bayonne-eliophot-arsandaux-175-18x12.jpg 18w\" sizes=\"(max-width: 800px) 100vw, 800px\" title=\"\">\t\t\t\t\t\t\t\t\t\t\t\t\t\t\t<\/div>\n\t\t\t\t<\/div>\n\t\t\t\t\t<\/div>\n\t\t\t\t<\/div>\n\t\t\t\t<\/div>\n\t\t\t\t\t<\/div>\n\t\t\t\t<\/div>\n\t\t<div class=\"elementor-element elementor-element-5d8cd1f e-con-full e-flex e-con e-parent\" data-id=\"5d8cd1f\" data-element_type=\"container\" data-e-type=\"container\">\n\t\t<div class=\"elementor-element elementor-element-136b967 e-con-full e-flex e-con e-child\" data-id=\"136b967\" data-element_type=\"container\" data-e-type=\"container\">\n\t\t<div class=\"elementor-element elementor-element-b1f020a e-flex e-con-boxed e-con e-child\" data-id=\"b1f020a\" data-element_type=\"container\" data-e-type=\"container\" data-settings=\"{&quot;background_background&quot;:&quot;classic&quot;}\">\n\t\t\t\t\t<div class=\"e-con-inner\">\n\t\t\t\t<div class=\"elementor-element elementor-element-5d253c0 elementor-widget elementor-widget-image\" data-id=\"5d253c0\" data-element_type=\"widget\" data-e-type=\"widget\" data-widget_type=\"image.default\">\n\t\t\t\t<div class=\"elementor-widget-container\">\n\t\t\t\t\t\t\t\t\t\t\t\t\t\t\t<img decoding=\"async\" width=\"1183\" height=\"887\" src=\"https:\/\/www.hotel-le-bayonne.com\/wp-content\/uploads\/2023\/09\/iStock-1400753806.jpg\" class=\"attachment-full size-full wp-image-3188\" alt=\"\" srcset=\"https:\/\/www.hotel-le-bayonne.com\/wp-content\/uploads\/2023\/09\/iStock-1400753806.jpg 1183w, https:\/\/www.hotel-le-bayonne.com\/wp-content\/uploads\/2023\/09\/iStock-1400753806-300x225.jpg 300w, https:\/\/www.hotel-le-bayonne.com\/wp-content\/uploads\/2023\/09\/iStock-1400753806-1024x768.jpg 1024w, https:\/\/www.hotel-le-bayonne.com\/wp-content\/uploads\/2023\/09\/iStock-1400753806-768x576.jpg 768w, https:\/\/www.hotel-le-bayonne.com\/wp-content\/uploads\/2023\/09\/iStock-1400753806-16x12.jpg 16w\" sizes=\"(max-width: 1183px) 100vw, 1183px\" title=\"\">\t\t\t\t\t\t\t\t\t\t\t\t\t\t\t<\/div>\n\t\t\t\t<\/div>\n\t\t\t\t\t<\/div>\n\t\t\t\t<\/div>\n\t\t\t\t<\/div>\n\t\t<div class=\"elementor-element elementor-element-154eaa3 e-con-full e-flex e-con e-child\" data-id=\"154eaa3\" data-element_type=\"container\" data-e-type=\"container\" data-settings=\"{&quot;background_background&quot;:&quot;classic&quot;}\">\n\t\t\t\t<div class=\"elementor-element elementor-element-bdac826 elementor-widget elementor-widget-heading\" data-id=\"bdac826\" data-element_type=\"widget\" data-e-type=\"widget\" data-widget_type=\"heading.default\">\n\t\t\t\t<div class=\"elementor-widget-container\">\n\t\t\t\t\t<h2 class=\"elementor-heading-title elementor-size-default\">A gateway to the Basque Country: the 4-star Bayonne hotel<\/h2>\t\t\t\t<\/div>\n\t\t\t\t<\/div>\n\t\t\t\t<div class=\"elementor-element elementor-element-1e74def elementor-widget elementor-widget-text-editor\" data-id=\"1e74def\" data-element_type=\"widget\" data-e-type=\"widget\" data-widget_type=\"text-editor.default\">\n\t\t\t\t<div class=\"elementor-widget-container\">\n\t\t\t\t\t\t\t\t\t<p>Are you passing through Bayonne and would like to find out more about this town of character? A Basque city par excellence, it is proud of its strong local culture and heritage. So, during your stay in a 4-star hotel in Bayonne, embark on some captivating explorations in a warm and friendly atmosphere.\u00a0<\/p><p>First of all, what better way to immerse yourself in the Basque art of living than to discover the <a href=\"https:\/\/www.hotel-le-bayonne.com\/en\/tourism-activities-bayonne\/basque-gastronomy\/\">gastronomic riches<\/a> of the region? The region's many culinary specialities hold a special place in the hearts of the Basque people, and gourmets are sure to be seduced. History buffs will also find their appetite satisfied by the town's remarkable architecture. From the church of Saint-Andr\u00e9 to the cathedral of Sainte-Marie de Bayonne, via the ramparts surrounding the old town of Bayonne, beauty abounds and the traces of the past come to life in the present.<\/p><p>You may not know everything about this city, but its <a href=\"https:\/\/www.hotel-le-bayonne.com\/en\/tourism-activities-bayonne\/events-bayonne\/\">famous festivals<\/a> are probably already familiar to you. Indeed, Bayonne's reputation for being lively, authentic and brilliant precedes it. Every year, revellers dressed in white and red fill the medieval streets and carry on the tradition. In a green and peaceful setting, the 4-star hotel Le Bayonne is the ideal place to stay close to the historic centre and make the most of it.<\/p><p>But it's not just these famous festivals, there's also the Foire aux Jambons (Ham Fair), which is considered to be one of Bayonne's smaller festivals. A real time for sharing and conviviality, held every year around the beginning of April, the Foire aux Jambons is an opportunity to find out more about the Basque gastronomic heritage and to discover the famous Bayonne ham, but that's not all...<\/p>\t\t\t\t\t\t\t\t<\/div>\n\t\t\t\t<\/div>\n\t\t\t\t<\/div>\n\t\t\t\t<\/div>\n\t\t<div class=\"elementor-element elementor-element-8230de9 e-con-full e-flex e-con e-parent\" data-id=\"8230de9\" data-element_type=\"container\" data-e-type=\"container\">\n\t\t<div class=\"elementor-element elementor-element-bbc5982 e-con-full e-flex e-con e-child\" data-id=\"bbc5982\" data-element_type=\"container\" data-e-type=\"container\">\n\t\t\t\t<div class=\"elementor-element elementor-element-09883e6 elementor-widget elementor-widget-heading\" data-id=\"09883e6\" data-element_type=\"widget\" data-e-type=\"widget\" data-widget_type=\"heading.default\">\n\t\t\t\t<div class=\"elementor-widget-container\">\n\t\t\t\t\t<h2 class=\"elementor-heading-title elementor-size-default\">Find out more <\/h2>\t\t\t\t<\/div>\n\t\t\t\t<\/div>\n\t\t\t\t<div class=\"elementor-element elementor-element-fa851e9 elementor-view-default elementor-widget elementor-widget-icon\" data-id=\"fa851e9\" data-element_type=\"widget\" data-e-type=\"widget\" data-widget_type=\"icon.default\">\n\t\t\t\t<div class=\"elementor-widget-container\">\n\t\t\t\t\t\t\t<div class=\"elementor-icon-wrapper\">\n\t\t\t<div class=\"elementor-icon\">\n\t\t\t<svg xmlns=\"http:\/\/www.w3.org\/2000\/svg\" width=\"4721\" height=\"1024\" viewbox=\"0 0 4721 1024\"><title><\/title><g id=\"icomoon-ignore\"><\/g><path d=\"M4719.542 686.137c-14.578-16.391-29.63-30.797-45.731-43.933l-0.218-0.176c-122.573-60.482-570.066-175.569-966.051-221.99-367.583-47.829-787.155-60.53-1213.579-30.621-77.228 5.417-154.039 12.186-230.41 20.283l11.070-1.091c-681.528 68.27-1275.654 115.060-1579.65 85.212-377.404-36.852-611.317-125.343-675.959-162.385l-7.504 2.445c141.201 115.371 309.437 199.358 492.55 241.439l8.695 1.64c377.96 99.496 793.208 119.621 1398.815 54.117 647.481-70.36 1808.145-238.118 2823.135 70.626z\"><\/path><\/svg>\t\t\t<\/div>\n\t\t<\/div>\n\t\t\t\t\t\t<\/div>\n\t\t\t\t<\/div>\n\t\t\t\t<\/div>\n\t\t<div class=\"elementor-element elementor-element-6e8aad3 e-con-full e-flex e-con e-child\" data-id=\"6e8aad3\" data-element_type=\"container\" data-e-type=\"container\">\n\t\t\t\t<div class=\"elementor-element elementor-element-8736142 elementor-cta--skin-cover elementor-widget__width-auto cta-fond-anim btn-cta-wave elementor-widget elementor-widget-call-to-action\" data-id=\"8736142\" data-element_type=\"widget\" data-e-type=\"widget\" data-widget_type=\"call-to-action.default\">\n\t\t\t\t<div class=\"elementor-widget-container\">\n\t\t\t\t\t\t\t<div class=\"elementor-cta\">\n\t\t\t\t\t<div class=\"elementor-cta__bg-wrapper\">\n\t\t\t\t<div class=\"elementor-cta__bg elementor-bg\" style=\"background-image: url(https:\/\/www.hotel-le-bayonne.com\/wp-content\/uploads\/2023\/09\/iStock-697959954-1024x683.jpg);\" role=\"img\" aria-label=\"The city of Bayonne in southern France, with decorations in the street in summer\"><\/div>\n\t\t\t\t<div class=\"elementor-cta__bg-overlay\"><\/div>\n\t\t\t<\/div>\n\t\t\t\t\t\t\t<div class=\"elementor-cta__content\">\n\t\t\t\t\n\t\t\t\t\t\t\t\t\t<h2 class=\"elementor-cta__title elementor-cta__content-item elementor-content-item\">\n\t\t\t\t\t\tEvents in Bayonne\t\t\t\t\t<\/h2>\n\t\t\t\t\n\t\t\t\t\n\t\t\t\t\t\t\t\t\t<div class=\"elementor-cta__button-wrapper elementor-cta__content-item elementor-content-item\">\n\t\t\t\t\t<a class=\"elementor-cta__button elementor-button elementor-size-\" href=\"https:\/\/www.hotel-le-bayonne.com\/en\/tourisme-activites-bayonne\/evenements-bayonne\/\">\n\t\t\t\t\t\tFind out more\t\t\t\t\t<\/a>\n\t\t\t\t\t<\/div>\n\t\t\t\t\t\t\t<\/div>\n\t\t\t\t\t\t<\/div>\n\t\t\t\t\t\t<\/div>\n\t\t\t\t<\/div>\n\t\t\t\t<\/div>\n\t\t<div class=\"elementor-element elementor-element-f135ee3 e-con-full e-flex e-con e-child\" data-id=\"f135ee3\" data-element_type=\"container\" data-e-type=\"container\">\n\t\t\t\t<div class=\"elementor-element elementor-element-7841f81 elementor-cta--skin-cover elementor-widget__width-auto cta-fond-anim   btn-cta-wave elementor-widget elementor-widget-call-to-action\" data-id=\"7841f81\" data-element_type=\"widget\" data-e-type=\"widget\" data-widget_type=\"call-to-action.default\">\n\t\t\t\t<div class=\"elementor-widget-container\">\n\t\t\t\t\t\t\t<div class=\"elementor-cta\">\n\t\t\t\t\t<div class=\"elementor-cta__bg-wrapper\">\n\t\t\t\t<div class=\"elementor-cta__bg elementor-bg\" style=\"background-image: url(https:\/\/www.hotel-le-bayonne.com\/wp-content\/uploads\/2023\/09\/iStock-1273666998-1024x663.jpg);\" role=\"img\" aria-label=\"Espelette peppers, or the Piments d&#039;Espelette, chillis\"><\/div>\n\t\t\t\t<div class=\"elementor-cta__bg-overlay\"><\/div>\n\t\t\t<\/div>\n\t\t\t\t\t\t\t<div class=\"elementor-cta__content\">\n\t\t\t\t\n\t\t\t\t\t\t\t\t\t<h2 class=\"elementor-cta__title elementor-cta__content-item elementor-content-item\">\n\t\t\t\t\t\tBasque gastronomy\t\t\t\t\t<\/h2>\n\t\t\t\t\n\t\t\t\t\n\t\t\t\t\t\t\t\t\t<div class=\"elementor-cta__button-wrapper elementor-cta__content-item elementor-content-item\">\n\t\t\t\t\t<a class=\"elementor-cta__button elementor-button elementor-size-\" href=\"https:\/\/www.hotel-le-bayonne.com\/en\/tourisme-activites-bayonne\/gastronomie-basque\/\">\n\t\t\t\t\t\tFind out more\t\t\t\t\t<\/a>\n\t\t\t\t\t<\/div>\n\t\t\t\t\t\t\t<\/div>\n\t\t\t\t\t\t<\/div>\n\t\t\t\t\t\t<\/div>\n\t\t\t\t<\/div>\n\t\t\t\t<\/div>\n\t\t<div class=\"elementor-element elementor-element-0b4cd50 e-con-full e-flex e-con e-child\" data-id=\"0b4cd50\" data-element_type=\"container\" data-e-type=\"container\">\n\t\t\t\t<div class=\"elementor-element elementor-element-a557d7a elementor-cta--skin-cover elementor-widget__width-auto cta-fond-anim  btn-cta-wave elementor-widget elementor-widget-call-to-action\" data-id=\"a557d7a\" data-element_type=\"widget\" data-e-type=\"widget\" data-widget_type=\"call-to-action.default\">\n\t\t\t\t<div class=\"elementor-widget-container\">\n\t\t\t\t\t\t\t<div class=\"elementor-cta\">\n\t\t\t\t\t<div class=\"elementor-cta__bg-wrapper\">\n\t\t\t\t<div class=\"elementor-cta__bg elementor-bg\" style=\"background-image: url(https:\/\/www.hotel-le-bayonne.com\/wp-content\/uploads\/2023\/08\/iStock-1447505179-1024x683.jpg);\" role=\"img\" aria-label=\"Woman looks at La Grande Plage in Biarritz France\"><\/div>\n\t\t\t\t<div class=\"elementor-cta__bg-overlay\"><\/div>\n\t\t\t<\/div>\n\t\t\t\t\t\t\t<div class=\"elementor-cta__content\">\n\t\t\t\t\n\t\t\t\t\t\t\t\t\t<h2 class=\"elementor-cta__title elementor-cta__content-item elementor-content-item\">\n\t\t\t\t\t\tWalks in the Basque Country\t\t\t\t\t<\/h2>\n\t\t\t\t\n\t\t\t\t\n\t\t\t\t\t\t\t\t\t<div class=\"elementor-cta__button-wrapper elementor-cta__content-item elementor-content-item\">\n\t\t\t\t\t<a class=\"elementor-cta__button elementor-button elementor-size-\" href=\"https:\/\/www.hotel-le-bayonne.com\/en\/tourisme-activites-bayonne\/promenades-pays-basque\/\">\n\t\t\t\t\t\tFind out more\t\t\t\t\t<\/a>\n\t\t\t\t\t<\/div>\n\t\t\t\t\t\t\t<\/div>\n\t\t\t\t\t\t<\/div>\n\t\t\t\t\t\t<\/div>\n\t\t\t\t<\/div>\n\t\t\t\t<\/div>\n\t\t\t\t<\/div>\n\t\t\t\t<\/div>","protected":false},"excerpt":{"rendered":"<p>S\u00e9jour m\u00e9morable en h\u00f4tel 4 \u00e9toiles \u00e0 Bayonne La d\u00e9couverte du Pays Basque vous appelle\u00a0? Profitez d\u2019un s\u00e9jour confortable en h\u00f4tel 4 \u00e9toiles \u00e0 Bayonne pour visiter cette r\u00e9gion au charme fou et au caract\u00e8re inimitable. Week-end en famille ou escapade romantique, toutes les occasions sont bonnes pour faire une halte dans le Sud-ouest de [&hellip;]<\/p>\n","protected":false},"author":21,"featured_media":0,"parent":365,"menu_order":0,"comment_status":"closed","ping_status":"closed","template":"","meta":{"inline_featured_image":false,"footnotes":""},"class_list":["post-4006","page","type-page","status-publish","hentry"],"_links":{"self":[{"href":"https:\/\/www.hotel-le-bayonne.com\/en\/wp-json\/wp\/v2\/pages\/4006","targetHints":{"allow":["GET"]}}],"collection":[{"href":"https:\/\/www.hotel-le-bayonne.com\/en\/wp-json\/wp\/v2\/pages"}],"about":[{"href":"https:\/\/www.hotel-le-bayonne.com\/en\/wp-json\/wp\/v2\/types\/page"}],"author":[{"embeddable":true,"href":"https:\/\/www.hotel-le-bayonne.com\/en\/wp-json\/wp\/v2\/users\/21"}],"replies":[{"embeddable":true,"href":"https:\/\/www.hotel-le-bayonne.com\/en\/wp-json\/wp\/v2\/comments?post=4006"}],"version-history":[{"count":14,"href":"https:\/\/www.hotel-le-bayonne.com\/en\/wp-json\/wp\/v2\/pages\/4006\/revisions"}],"predecessor-version":[{"id":4024,"href":"https:\/\/www.hotel-le-bayonne.com\/en\/wp-json\/wp\/v2\/pages\/4006\/revisions\/4024"}],"up":[{"embeddable":true,"href":"https:\/\/www.hotel-le-bayonne.com\/en\/wp-json\/wp\/v2\/pages\/365"}],"wp:attachment":[{"href":"https:\/\/www.hotel-le-bayonne.com\/en\/wp-json\/wp\/v2\/media?parent=4006"}],"curies":[{"name":"wp","href":"https:\/\/api.w.org\/{rel}","templated":true}]}}