{"id":1728,"date":"2023-08-10T15:19:44","date_gmt":"2023-08-10T13:19:44","guid":{"rendered":"https:\/\/www.hotel-le-bayonne.com\/?page_id=1728"},"modified":"2026-03-27T15:29:23","modified_gmt":"2026-03-27T14:29:23","slug":"basque-gastronomy","status":"publish","type":"page","link":"https:\/\/www.hotel-le-bayonne.com\/en\/tourisme-activites-bayonne\/gastronomie-basque\/","title":{"rendered":"Basque gastronomy"},"content":{"rendered":"<div data-elementor-type=\"wp-page\" data-elementor-id=\"1728\" class=\"elementor elementor-1728\" data-elementor-post-type=\"page\">\n\t\t\t\t<div class=\"elementor-element elementor-element-79d130a e-con-full e-flex e-con e-parent\" data-id=\"79d130a\" data-element_type=\"container\" data-e-type=\"container\" data-settings=\"{&quot;background_background&quot;:&quot;classic&quot;}\">\n\t\t<div class=\"elementor-element elementor-element-9c2133d e-flex e-con-boxed e-con e-child\" data-id=\"9c2133d\" data-element_type=\"container\" data-e-type=\"container\">\n\t\t\t\t\t<div class=\"e-con-inner\">\n\t\t\t\t<div class=\"elementor-element elementor-element-84d27a8 elementor-widget elementor-widget-heading\" data-id=\"84d27a8\" data-element_type=\"widget\" data-e-type=\"widget\" data-widget_type=\"heading.default\">\n\t\t\t\t<div class=\"elementor-widget-container\">\n\t\t\t\t\t<h1 class=\"elementor-heading-title elementor-size-default\">Basque gastronomy<\/h1>\t\t\t\t<\/div>\n\t\t\t\t<\/div>\n\t\t\t\t<div class=\"elementor-element elementor-element-f63eed9 elementor-view-default elementor-widget elementor-widget-icon\" data-id=\"f63eed9\" data-element_type=\"widget\" data-e-type=\"widget\" data-widget_type=\"icon.default\">\n\t\t\t\t<div class=\"elementor-widget-container\">\n\t\t\t\t\t\t\t<div class=\"elementor-icon-wrapper\">\n\t\t\t<div class=\"elementor-icon\">\n\t\t\t<svg xmlns=\"http:\/\/www.w3.org\/2000\/svg\" width=\"4721\" height=\"1024\" viewbox=\"0 0 4721 1024\"><title><\/title><g id=\"icomoon-ignore\"><\/g><path d=\"M4719.542 686.137c-14.578-16.391-29.63-30.797-45.731-43.933l-0.218-0.176c-122.573-60.482-570.066-175.569-966.051-221.99-367.583-47.829-787.155-60.53-1213.579-30.621-77.228 5.417-154.039 12.186-230.41 20.283l11.070-1.091c-681.528 68.27-1275.654 115.060-1579.65 85.212-377.404-36.852-611.317-125.343-675.959-162.385l-7.504 2.445c141.201 115.371 309.437 199.358 492.55 241.439l8.695 1.64c377.96 99.496 793.208 119.621 1398.815 54.117 647.481-70.36 1808.145-238.118 2823.135 70.626z\"><\/path><\/svg>\t\t\t<\/div>\n\t\t<\/div>\n\t\t\t\t\t\t<\/div>\n\t\t\t\t<\/div>\n\t\t\t\t\t<\/div>\n\t\t\t\t<\/div>\n\t\t\t\t<\/div>\n\t\t<div class=\"elementor-element elementor-element-538bc11 e-flex e-con-boxed e-con e-parent\" data-id=\"538bc11\" data-element_type=\"container\" data-e-type=\"container\">\n\t\t\t\t\t<div class=\"e-con-inner\">\n\t\t<div class=\"elementor-element elementor-element-b1cbfd2 e-con-full e-flex e-con e-child\" data-id=\"b1cbfd2\" data-element_type=\"container\" data-e-type=\"container\">\n\t\t\t\t<div class=\"elementor-element elementor-element-374e43c elementor-widget elementor-widget-heading\" data-id=\"374e43c\" data-element_type=\"widget\" data-e-type=\"widget\" data-widget_type=\"heading.default\">\n\t\t\t\t<div class=\"elementor-widget-container\">\n\t\t\t\t\t<h2 class=\"elementor-heading-title elementor-size-default\">A rich, gourmet region<\/h2>\t\t\t\t<\/div>\n\t\t\t\t<\/div>\n\t\t\t\t<div class=\"elementor-element elementor-element-0a8ecd3 elementor-widget elementor-widget-text-editor\" data-id=\"0a8ecd3\" data-element_type=\"widget\" data-e-type=\"widget\" data-widget_type=\"text-editor.default\">\n\t\t\t\t<div class=\"elementor-widget-container\">\n\t\t\t\t\t\t\t\t\t<p>The Basque Country is a region renowned for its culinary specialities. A part of France where authenticity predominates, the Basque Country is rich in culinary delights. Many specialities originate here, piperade and poulet basquaise being the best known.<br \/>Other Basque specialities include, of course, Ossau Iraty, a typical cheese made from sheep's milk, and Basque cake, which is as generous and delicious as Basque people come.<\/p>\t\t\t\t\t\t\t\t<\/div>\n\t\t\t\t<\/div>\n\t\t\t\t<\/div>\n\t\t<div class=\"elementor-element elementor-element-0ba5cef e-con-full e-flex e-con e-child\" data-id=\"0ba5cef\" data-element_type=\"container\" data-e-type=\"container\">\n\t\t<div class=\"elementor-element elementor-element-7e52ef6 e-flex e-con-boxed e-con e-child\" data-id=\"7e52ef6\" data-element_type=\"container\" data-e-type=\"container\">\n\t\t\t\t\t<div class=\"e-con-inner\">\n\t\t\t\t<div class=\"elementor-element elementor-element-27b5124 elementor-widget__width-auto elementor-widget elementor-widget-image\" data-id=\"27b5124\" data-element_type=\"widget\" data-e-type=\"widget\" data-widget_type=\"image.default\">\n\t\t\t\t<div class=\"elementor-widget-container\">\n\t\t\t\t\t\t\t\t\t\t\t\t\t\t\t<img fetchpriority=\"high\" decoding=\"async\" width=\"800\" height=\"534\" src=\"https:\/\/www.hotel-le-bayonne.com\/wp-content\/uploads\/2023\/09\/iStock-175412911-1024x683.jpg\" class=\"attachment-large size-large wp-image-3194\" alt=\"\" srcset=\"https:\/\/www.hotel-le-bayonne.com\/wp-content\/uploads\/2023\/09\/iStock-175412911-1024x683.jpg 1024w, https:\/\/www.hotel-le-bayonne.com\/wp-content\/uploads\/2023\/09\/iStock-175412911-300x200.jpg 300w, https:\/\/www.hotel-le-bayonne.com\/wp-content\/uploads\/2023\/09\/iStock-175412911-768x512.jpg 768w, https:\/\/www.hotel-le-bayonne.com\/wp-content\/uploads\/2023\/09\/iStock-175412911-18x12.jpg 18w, https:\/\/www.hotel-le-bayonne.com\/wp-content\/uploads\/2023\/09\/iStock-175412911.jpg 1254w\" sizes=\"(max-width: 800px) 100vw, 800px\" title=\"\">\t\t\t\t\t\t\t\t\t\t\t\t\t\t\t<\/div>\n\t\t\t\t<\/div>\n\t\t\t\t<div class=\"elementor-element elementor-element-3bc4840 elementor-widget__width-auto elementor-widget elementor-widget-image\" data-id=\"3bc4840\" data-element_type=\"widget\" data-e-type=\"widget\" data-widget_type=\"image.default\">\n\t\t\t\t<div class=\"elementor-widget-container\">\n\t\t\t\t\t\t\t\t\t\t\t\t\t\t\t<img decoding=\"async\" width=\"800\" height=\"502\" src=\"https:\/\/www.hotel-le-bayonne.com\/wp-content\/uploads\/2023\/09\/iStock-1270285149-1024x643.jpg\" class=\"attachment-large size-large wp-image-3204\" alt=\"\" srcset=\"https:\/\/www.hotel-le-bayonne.com\/wp-content\/uploads\/2023\/09\/iStock-1270285149-1024x643.jpg 1024w, https:\/\/www.hotel-le-bayonne.com\/wp-content\/uploads\/2023\/09\/iStock-1270285149-300x188.jpg 300w, https:\/\/www.hotel-le-bayonne.com\/wp-content\/uploads\/2023\/09\/iStock-1270285149-768x482.jpg 768w, https:\/\/www.hotel-le-bayonne.com\/wp-content\/uploads\/2023\/09\/iStock-1270285149-18x12.jpg 18w, https:\/\/www.hotel-le-bayonne.com\/wp-content\/uploads\/2023\/09\/iStock-1270285149.jpg 1292w\" sizes=\"(max-width: 800px) 100vw, 800px\" title=\"\">\t\t\t\t\t\t\t\t\t\t\t\t\t\t\t<\/div>\n\t\t\t\t<\/div>\n\t\t\t\t\t<\/div>\n\t\t\t\t<\/div>\n\t\t<div class=\"elementor-element elementor-element-f9a4aea e-flex e-con-boxed e-con e-child\" data-id=\"f9a4aea\" data-element_type=\"container\" data-e-type=\"container\">\n\t\t\t\t\t<div class=\"e-con-inner\">\n\t\t\t\t<div class=\"elementor-element elementor-element-c3f42de elementor-widget__width-auto elementor-widget elementor-widget-image\" data-id=\"c3f42de\" data-element_type=\"widget\" data-e-type=\"widget\" data-widget_type=\"image.default\">\n\t\t\t\t<div class=\"elementor-widget-container\">\n\t\t\t\t\t\t\t\t\t\t\t\t\t\t\t<img decoding=\"async\" width=\"800\" height=\"534\" src=\"https:\/\/www.hotel-le-bayonne.com\/wp-content\/uploads\/2023\/09\/iStock-1362982935-1024x683.jpg\" class=\"attachment-large size-large wp-image-3195\" alt=\"\" srcset=\"https:\/\/www.hotel-le-bayonne.com\/wp-content\/uploads\/2023\/09\/iStock-1362982935-1024x683.jpg 1024w, https:\/\/www.hotel-le-bayonne.com\/wp-content\/uploads\/2023\/09\/iStock-1362982935-300x200.jpg 300w, https:\/\/www.hotel-le-bayonne.com\/wp-content\/uploads\/2023\/09\/iStock-1362982935-768x513.jpg 768w, https:\/\/www.hotel-le-bayonne.com\/wp-content\/uploads\/2023\/09\/iStock-1362982935-18x12.jpg 18w, https:\/\/www.hotel-le-bayonne.com\/wp-content\/uploads\/2023\/09\/iStock-1362982935.jpg 1254w\" sizes=\"(max-width: 800px) 100vw, 800px\" title=\"\">\t\t\t\t\t\t\t\t\t\t\t\t\t\t\t<\/div>\n\t\t\t\t<\/div>\n\t\t\t\t\t<\/div>\n\t\t\t\t<\/div>\n\t\t\t\t<\/div>\n\t\t\t\t\t<\/div>\n\t\t\t\t<\/div>\n\t\t<div class=\"elementor-element elementor-element-5d8cd1f e-con-full e-flex e-con e-parent\" data-id=\"5d8cd1f\" data-element_type=\"container\" data-e-type=\"container\">\n\t\t<div class=\"elementor-element elementor-element-136b967 e-con-full e-flex e-con e-child\" data-id=\"136b967\" data-element_type=\"container\" data-e-type=\"container\">\n\t\t<div class=\"elementor-element elementor-element-b1f020a e-flex e-con-boxed e-con e-child\" data-id=\"b1f020a\" data-element_type=\"container\" data-e-type=\"container\" data-settings=\"{&quot;background_background&quot;:&quot;classic&quot;}\">\n\t\t\t\t\t<div class=\"e-con-inner\">\n\t\t\t\t<div class=\"elementor-element elementor-element-5d253c0 elementor-widget elementor-widget-image\" data-id=\"5d253c0\" data-element_type=\"widget\" data-e-type=\"widget\" data-widget_type=\"image.default\">\n\t\t\t\t<div class=\"elementor-widget-container\">\n\t\t\t\t\t\t\t\t\t\t\t\t\t\t\t<img loading=\"lazy\" decoding=\"async\" width=\"1254\" height=\"836\" src=\"https:\/\/www.hotel-le-bayonne.com\/wp-content\/uploads\/2023\/09\/iStock-93299704.jpg\" class=\"attachment-full size-full wp-image-3199\" alt=\"\" srcset=\"https:\/\/www.hotel-le-bayonne.com\/wp-content\/uploads\/2023\/09\/iStock-93299704.jpg 1254w, https:\/\/www.hotel-le-bayonne.com\/wp-content\/uploads\/2023\/09\/iStock-93299704-300x200.jpg 300w, https:\/\/www.hotel-le-bayonne.com\/wp-content\/uploads\/2023\/09\/iStock-93299704-1024x683.jpg 1024w, https:\/\/www.hotel-le-bayonne.com\/wp-content\/uploads\/2023\/09\/iStock-93299704-768x512.jpg 768w, https:\/\/www.hotel-le-bayonne.com\/wp-content\/uploads\/2023\/09\/iStock-93299704-18x12.jpg 18w\" sizes=\"(max-width: 1254px) 100vw, 1254px\" title=\"\">\t\t\t\t\t\t\t\t\t\t\t\t\t\t\t<\/div>\n\t\t\t\t<\/div>\n\t\t\t\t\t<\/div>\n\t\t\t\t<\/div>\n\t\t\t\t<\/div>\n\t\t<div class=\"elementor-element elementor-element-154eaa3 e-con-full e-flex e-con e-child\" data-id=\"154eaa3\" data-element_type=\"container\" data-e-type=\"container\" data-settings=\"{&quot;background_background&quot;:&quot;classic&quot;}\">\n\t\t\t\t<div class=\"elementor-element elementor-element-bdac826 elementor-widget elementor-widget-heading\" data-id=\"bdac826\" data-element_type=\"widget\" data-e-type=\"widget\" data-widget_type=\"heading.default\">\n\t\t\t\t<div class=\"elementor-widget-container\">\n\t\t\t\t\t<h2 class=\"elementor-heading-title elementor-size-default\">Bayonne specialities<\/h2>\t\t\t\t<\/div>\n\t\t\t\t<\/div>\n\t\t\t\t<div class=\"elementor-element elementor-element-1e74def elementor-widget elementor-widget-text-editor\" data-id=\"1e74def\" data-element_type=\"widget\" data-e-type=\"widget\" data-widget_type=\"text-editor.default\">\n\t\t\t\t<div class=\"elementor-widget-container\">\n\t\t\t\t\t\t\t\t\t<p>A staple on every French table, Bayonne Ham is probably the best-known Bayonne speciality in the whole of the Basque Country. Another Bayonne speciality is chocolate. Its history is closely linked to the town, dating back to the 17th century when Jewish immigrants set up the first cocoa-processing factories.<\/p>\t\t\t\t\t\t\t\t<\/div>\n\t\t\t\t<\/div>\n\t\t\t\t<\/div>\n\t\t\t\t<\/div>\n\t\t<div class=\"elementor-element elementor-element-4ca7418 e-con-full e-flex e-con e-parent\" data-id=\"4ca7418\" data-element_type=\"container\" data-e-type=\"container\">\n\t\t<div class=\"elementor-element elementor-element-4e7c348 e-con-full e-flex e-con e-child\" data-id=\"4e7c348\" data-element_type=\"container\" data-e-type=\"container\">\n\t\t\t\t<div class=\"elementor-element elementor-element-3e236c7 elementor-widget elementor-widget-heading\" data-id=\"3e236c7\" data-element_type=\"widget\" data-e-type=\"widget\" data-widget_type=\"heading.default\">\n\t\t\t\t<div class=\"elementor-widget-container\">\n\t\t\t\t\t<h2 class=\"elementor-heading-title elementor-size-default\">Find out more <\/h2>\t\t\t\t<\/div>\n\t\t\t\t<\/div>\n\t\t\t\t<div class=\"elementor-element elementor-element-3b07449 elementor-view-default elementor-widget elementor-widget-icon\" data-id=\"3b07449\" data-element_type=\"widget\" data-e-type=\"widget\" data-widget_type=\"icon.default\">\n\t\t\t\t<div class=\"elementor-widget-container\">\n\t\t\t\t\t\t\t<div class=\"elementor-icon-wrapper\">\n\t\t\t<div class=\"elementor-icon\">\n\t\t\t<svg xmlns=\"http:\/\/www.w3.org\/2000\/svg\" width=\"4721\" height=\"1024\" viewbox=\"0 0 4721 1024\"><title><\/title><g id=\"icomoon-ignore\"><\/g><path d=\"M4719.542 686.137c-14.578-16.391-29.63-30.797-45.731-43.933l-0.218-0.176c-122.573-60.482-570.066-175.569-966.051-221.99-367.583-47.829-787.155-60.53-1213.579-30.621-77.228 5.417-154.039 12.186-230.41 20.283l11.070-1.091c-681.528 68.27-1275.654 115.060-1579.65 85.212-377.404-36.852-611.317-125.343-675.959-162.385l-7.504 2.445c141.201 115.371 309.437 199.358 492.55 241.439l8.695 1.64c377.96 99.496 793.208 119.621 1398.815 54.117 647.481-70.36 1808.145-238.118 2823.135 70.626z\"><\/path><\/svg>\t\t\t<\/div>\n\t\t<\/div>\n\t\t\t\t\t\t<\/div>\n\t\t\t\t<\/div>\n\t\t\t\t<\/div>\n\t\t<div class=\"elementor-element elementor-element-2563a24 e-con-full e-flex e-con e-child\" data-id=\"2563a24\" data-element_type=\"container\" data-e-type=\"container\">\n\t\t\t\t<div class=\"elementor-element elementor-element-54c40a9 elementor-cta--skin-cover elementor-widget__width-auto cta-fond-anim btn-cta-wave elementor-widget elementor-widget-call-to-action\" data-id=\"54c40a9\" data-element_type=\"widget\" data-e-type=\"widget\" data-widget_type=\"call-to-action.default\">\n\t\t\t\t<div class=\"elementor-widget-container\">\n\t\t\t\t\t\t\t<div class=\"elementor-cta\">\n\t\t\t\t\t<div class=\"elementor-cta__bg-wrapper\">\n\t\t\t\t<div class=\"elementor-cta__bg elementor-bg\" style=\"background-image: url(https:\/\/www.hotel-le-bayonne.com\/wp-content\/uploads\/2023\/08\/iStock-1090805386-1024x602.jpg);\" role=\"img\" aria-label=\"Ainhoa village square lined with traditional houses in southwestern France.\"><\/div>\n\t\t\t\t<div class=\"elementor-cta__bg-overlay\"><\/div>\n\t\t\t<\/div>\n\t\t\t\t\t\t\t<div class=\"elementor-cta__content\">\n\t\t\t\t\n\t\t\t\t\t\t\t\t\t<h2 class=\"elementor-cta__title elementor-cta__content-item elementor-content-item\">\n\t\t\t\t\t\tCulture &amp; Heritage\t\t\t\t\t<\/h2>\n\t\t\t\t\n\t\t\t\t\n\t\t\t\t\t\t\t\t\t<div class=\"elementor-cta__button-wrapper elementor-cta__content-item elementor-content-item\">\n\t\t\t\t\t<a class=\"elementor-cta__button elementor-button elementor-size-\" href=\"https:\/\/www.hotel-le-bayonne.com\/en\/tourisme-activites-bayonne\/culture-patrimoine-que-faire-a-bayonne\/\">\n\t\t\t\t\t\tFind out more\t\t\t\t\t<\/a>\n\t\t\t\t\t<\/div>\n\t\t\t\t\t\t\t<\/div>\n\t\t\t\t\t\t<\/div>\n\t\t\t\t\t\t<\/div>\n\t\t\t\t<\/div>\n\t\t\t\t<\/div>\n\t\t<div class=\"elementor-element elementor-element-12377ec e-con-full e-flex e-con e-child\" data-id=\"12377ec\" data-element_type=\"container\" data-e-type=\"container\">\n\t\t\t\t<div class=\"elementor-element elementor-element-03bdf62 elementor-cta--skin-cover elementor-widget__width-auto cta-fond-anim  btn-cta-wave elementor-widget elementor-widget-call-to-action\" data-id=\"03bdf62\" data-element_type=\"widget\" data-e-type=\"widget\" data-widget_type=\"call-to-action.default\">\n\t\t\t\t<div class=\"elementor-widget-container\">\n\t\t\t\t\t\t\t<div class=\"elementor-cta\">\n\t\t\t\t\t<div class=\"elementor-cta__bg-wrapper\">\n\t\t\t\t<div class=\"elementor-cta__bg elementor-bg\" style=\"background-image: url(https:\/\/www.hotel-le-bayonne.com\/wp-content\/uploads\/2023\/08\/iStock-1447505179-1024x683.jpg);\" role=\"img\" aria-label=\"Woman looks at La Grande Plage in Biarritz France\"><\/div>\n\t\t\t\t<div class=\"elementor-cta__bg-overlay\"><\/div>\n\t\t\t<\/div>\n\t\t\t\t\t\t\t<div class=\"elementor-cta__content\">\n\t\t\t\t\n\t\t\t\t\t\t\t\t\t<h2 class=\"elementor-cta__title elementor-cta__content-item elementor-content-item\">\n\t\t\t\t\t\tWalks in the Basque Country\t\t\t\t\t<\/h2>\n\t\t\t\t\n\t\t\t\t\n\t\t\t\t\t\t\t\t\t<div class=\"elementor-cta__button-wrapper elementor-cta__content-item elementor-content-item\">\n\t\t\t\t\t<a class=\"elementor-cta__button elementor-button elementor-size-\" href=\"https:\/\/www.hotel-le-bayonne.com\/en\/tourisme-activites-bayonne\/promenades-pays-basque\/\">\n\t\t\t\t\t\tFind out more\t\t\t\t\t<\/a>\n\t\t\t\t\t<\/div>\n\t\t\t\t\t\t\t<\/div>\n\t\t\t\t\t\t<\/div>\n\t\t\t\t\t\t<\/div>\n\t\t\t\t<\/div>\n\t\t\t\t<\/div>\n\t\t<div class=\"elementor-element elementor-element-7cf0acd e-con-full e-flex e-con e-child\" data-id=\"7cf0acd\" data-element_type=\"container\" data-e-type=\"container\">\n\t\t\t\t<div class=\"elementor-element elementor-element-f9f4810 elementor-cta--skin-cover elementor-widget__width-auto cta-fond-anim btn-cta-wave elementor-widget elementor-widget-call-to-action\" data-id=\"f9f4810\" data-element_type=\"widget\" data-e-type=\"widget\" data-widget_type=\"call-to-action.default\">\n\t\t\t\t<div class=\"elementor-widget-container\">\n\t\t\t\t\t\t\t<div class=\"elementor-cta\">\n\t\t\t\t\t<div class=\"elementor-cta__bg-wrapper\">\n\t\t\t\t<div class=\"elementor-cta__bg elementor-bg\" style=\"background-image: url(https:\/\/www.hotel-le-bayonne.com\/wp-content\/uploads\/2023\/09\/iStock-697959954-1024x683.jpg);\" role=\"img\" aria-label=\"The city of Bayonne in southern France, with decorations in the street in summer\"><\/div>\n\t\t\t\t<div class=\"elementor-cta__bg-overlay\"><\/div>\n\t\t\t<\/div>\n\t\t\t\t\t\t\t<div class=\"elementor-cta__content\">\n\t\t\t\t\n\t\t\t\t\t\t\t\t\t<h2 class=\"elementor-cta__title elementor-cta__content-item elementor-content-item\">\n\t\t\t\t\t\tEvents in Bayonne\t\t\t\t\t<\/h2>\n\t\t\t\t\n\t\t\t\t\n\t\t\t\t\t\t\t\t\t<div class=\"elementor-cta__button-wrapper elementor-cta__content-item elementor-content-item\">\n\t\t\t\t\t<a class=\"elementor-cta__button elementor-button elementor-size-\" href=\"https:\/\/www.hotel-le-bayonne.com\/en\/tourisme-activites-bayonne\/evenements-bayonne\/\">\n\t\t\t\t\t\tFind out more\t\t\t\t\t<\/a>\n\t\t\t\t\t<\/div>\n\t\t\t\t\t\t\t<\/div>\n\t\t\t\t\t\t<\/div>\n\t\t\t\t\t\t<\/div>\n\t\t\t\t<\/div>\n\t\t\t\t<\/div>\n\t\t\t\t<\/div>\n\t\t\t\t<\/div>","protected":false},"excerpt":{"rendered":"<p>Gastronomie Basque Une r\u00e9gion riche et gourmande Le Pays Basque est une r\u00e9gion connue pour ses sp\u00e9cialit\u00e9s culinaires. Partie de la France o\u00f9 l\u2019authenticit\u00e9 pr\u00e9domine, le Pays Basque est riche et gourmand. De nombreuses sp\u00e9cialit\u00e9s en sont originaires, la piperade ou le poulet basquaise sont les plus connues.Parmi les autres sp\u00e9cialit\u00e9s basques, bien s\u00fbr l\u2019Ossau [&hellip;]<\/p>\n","protected":false},"author":21,"featured_media":0,"parent":365,"menu_order":0,"comment_status":"closed","ping_status":"closed","template":"","meta":{"inline_featured_image":false,"footnotes":""},"class_list":["post-1728","page","type-page","status-publish","hentry"],"_links":{"self":[{"href":"https:\/\/www.hotel-le-bayonne.com\/en\/wp-json\/wp\/v2\/pages\/1728","targetHints":{"allow":["GET"]}}],"collection":[{"href":"https:\/\/www.hotel-le-bayonne.com\/en\/wp-json\/wp\/v2\/pages"}],"about":[{"href":"https:\/\/www.hotel-le-bayonne.com\/en\/wp-json\/wp\/v2\/types\/page"}],"author":[{"embeddable":true,"href":"https:\/\/www.hotel-le-bayonne.com\/en\/wp-json\/wp\/v2\/users\/21"}],"replies":[{"embeddable":true,"href":"https:\/\/www.hotel-le-bayonne.com\/en\/wp-json\/wp\/v2\/comments?post=1728"}],"version-history":[{"count":47,"href":"https:\/\/www.hotel-le-bayonne.com\/en\/wp-json\/wp\/v2\/pages\/1728\/revisions"}],"predecessor-version":[{"id":4455,"href":"https:\/\/www.hotel-le-bayonne.com\/en\/wp-json\/wp\/v2\/pages\/1728\/revisions\/4455"}],"up":[{"embeddable":true,"href":"https:\/\/www.hotel-le-bayonne.com\/en\/wp-json\/wp\/v2\/pages\/365"}],"wp:attachment":[{"href":"https:\/\/www.hotel-le-bayonne.com\/en\/wp-json\/wp\/v2\/media?parent=1728"}],"curies":[{"name":"wp","href":"https:\/\/api.w.org\/{rel}","templated":true}]}}